{"id":4872,"date":"2023-12-03T13:30:33","date_gmt":"2023-12-03T12:30:33","guid":{"rendered":"https:\/\/www.taxifix.tn\/?page_id=4872"},"modified":"2024-02-11T22:14:35","modified_gmt":"2024-02-11T21:14:35","slug":"formulaire-de-partenariat","status":"publish","type":"page","link":"https:\/\/www.taxifix.tn\/en\/formulaire-de-partenariat\/","title":{"rendered":"Formulaire de partenariat"},"content":{"rendered":"\t\t<div data-elementor-type=\"wp-page\" data-elementor-id=\"4872\" class=\"elementor elementor-4872\">\n\t\t\t\t<div class=\"elementor-element elementor-element-c043cfa e-flex e-con-boxed e-con e-parent\" data-id=\"c043cfa\" data-element_type=\"container\" data-e-type=\"container\">\n\t\t\t\t\t<div class=\"e-con-inner\">\n\t\t\t\t<div class=\"elementor-element elementor-element-0ba2678 elementor-widget elementor-widget-heading\" data-id=\"0ba2678\" data-element_type=\"widget\" data-e-type=\"widget\" data-widget_type=\"heading.default\">\n\t\t\t\t<div class=\"elementor-widget-container\">\n\t\t\t\t\t<h3 class=\"elementor-heading-title elementor-size-default\">Devenons Partenaires <\/h3>\t\t\t\t<\/div>\n\t\t\t\t<\/div>\n\t\t\t\t\t<\/div>\n\t\t\t\t<\/div>\n\t\t<div class=\"elementor-element elementor-element-4041681b e-flex e-con-boxed e-con e-parent\" data-id=\"4041681b\" data-element_type=\"container\" data-e-type=\"container\" data-settings=\"{&quot;background_background&quot;:&quot;slideshow&quot;,&quot;background_slideshow_gallery&quot;:[{&quot;id&quot;:1987,&quot;url&quot;:&quot;https:\\\/\\\/www.taxifix.tn\\\/wp-content\\\/uploads\\\/2023\\\/11\\\/bg-04-free-img-4-300x169-1.jpg&quot;}],&quot;background_slideshow_loop&quot;:&quot;yes&quot;,&quot;background_slideshow_slide_duration&quot;:5000,&quot;background_slideshow_slide_transition&quot;:&quot;fade&quot;,&quot;background_slideshow_transition_duration&quot;:500}\">\n\t\t\t\t\t<div class=\"e-con-inner\">\n\t\t\t\t<div class=\"elementor-element elementor-element-3d2ce716 elementor-widget elementor-widget-text-editor\" data-id=\"3d2ce716\" data-element_type=\"widget\" data-e-type=\"widget\" data-widget_type=\"text-editor.default\">\n\t\t\t\t<div class=\"elementor-widget-container\">\n\t\t\t\t\t\t\t\t\t<div class=\"wpcf7 no-js\" id=\"wpcf7-f4871-o1\" lang=\"fr-FR\" dir=\"ltr\" data-wpcf7-id=\"4871\">\n<div class=\"screen-reader-response\">\n<p role=\"status\" aria-live=\"polite\" aria-atomic=\"true\">\n<ul><\/ul>\n<\/div>\n<form action=\"\/en\/wp-json\/wp\/v2\/pages\/4872#wpcf7-f4871-o1\" method=\"post\" class=\"wpcf7-form init\" aria-label=\"Formulaire de contact\" novalidate=\"novalidate\" data-status=\"init\">\n<fieldset class=\"hidden-fields-container\"><input type=\"hidden\" name=\"_wpcf7\" value=\"4871\" \/><input type=\"hidden\" name=\"_wpcf7_version\" value=\"6.1.5\" \/><input type=\"hidden\" name=\"_wpcf7_locale\" value=\"fr_FR\" \/><input type=\"hidden\" name=\"_wpcf7_unit_tag\" value=\"wpcf7-f4871-o1\" \/><input type=\"hidden\" name=\"_wpcf7_container_post\" value=\"0\" \/><input type=\"hidden\" name=\"_wpcf7_posted_data_hash\" value=\"\" \/><br \/>\n<\/fieldset>\n<p><span class=\"wpcf7-form-control-wrap\" data-name=\"Nom\"><input size=\"40\" maxlength=\"400\" class=\"wpcf7-form-control wpcf7-text wpcf7-validates-as-required\" aria-required=\"true\" aria-invalid=\"false\" placeholder=\"Nom*\" value=\"\" type=\"text\" name=\"Nom\" \/><\/span><br \/>\n<span class=\"wpcf7-form-control-wrap\" data-name=\"Prenom\"><input size=\"40\" maxlength=\"400\" class=\"wpcf7-form-control wpcf7-text wpcf7-validates-as-required\" aria-required=\"true\" aria-invalid=\"false\" placeholder=\"Prenom*\" value=\"\" type=\"text\" name=\"Prenom\" \/><\/span><br \/>\n<span class=\"wpcf7-form-control-wrap\" data-name=\"Telephone\"><input size=\"40\" maxlength=\"400\" class=\"wpcf7-form-control wpcf7-tel wpcf7-validates-as-required wpcf7-text wpcf7-validates-as-tel\" aria-required=\"true\" aria-invalid=\"false\" placeholder=\"N\u00b0 T\u00e9l\u00e9phone*\" value=\"\" type=\"tel\" name=\"Telephone\" \/><\/span><br \/>\n<span class=\"wpcf7-form-control-wrap\" data-name=\"Email\"><input size=\"40\" maxlength=\"400\" class=\"wpcf7-form-control wpcf7-email wpcf7-validates-as-required wpcf7-text wpcf7-validates-as-email\" aria-required=\"true\" aria-invalid=\"false\" placeholder=\"Email*\" value=\"\" type=\"email\" name=\"Email\" \/><\/span><br \/>\n<label> Vous \u00eates: <\/label><label><br \/>\n<span class=\"wpcf7-form-control-wrap\" data-name=\"Vous-etes\"><span class=\"wpcf7-form-control wpcf7-checkbox wpcf7-validates-as-required wpcf7-exclusive-checkbox\"><span class=\"wpcf7-list-item first\"><label><span class=\"wpcf7-list-item-label\">Entreprise<\/span><input type=\"checkbox\" name=\"Vous-etes\" value=\"Entreprise\" \/><\/label><\/span><span class=\"wpcf7-list-item last\"><label><span class=\"wpcf7-list-item-label\">Particulier<\/span><input type=\"checkbox\" name=\"Vous-etes\" value=\"Particulier\" \/><\/label><\/span><\/span><\/span><br \/>\n<span class=\"wpcf7-form-control-wrap\" data-name=\"Demande\"><span class=\"wpcf7-form-control wpcf7-radio\"><span class=\"wpcf7-list-item first last\"><label><span class=\"wpcf7-list-item-label\">Demande de partenariat<\/span><input type=\"radio\" name=\"Demande\" value=\"Demande de partenariat\" checked=\"checked\" \/><\/label><\/span><\/span><\/span><br \/>\n<span class=\"wpcf7-form-control-wrap\" data-name=\"Objet\"><textarea cols=\"40\" rows=\"10\" maxlength=\"2000\" class=\"wpcf7-form-control wpcf7-textarea wpcf7-validates-as-required\" aria-required=\"true\" aria-invalid=\"false\" placeholder=\"Objet\" name=\"Objet\"><\/textarea><\/span><br \/>\n<\/label><label><span class=\"wpcf7-form-control-wrap\" data-name=\"acceptance-97\"><span class=\"wpcf7-form-control wpcf7-acceptance optional\"><span class=\"wpcf7-list-item\"><label><input type=\"checkbox\" name=\"acceptance-97\" value=\"1\" aria-invalid=\"false\" \/><span class=\"wpcf7-list-item-label\">J&rsquo;accepte que mes donn\u00e9es personnelles soient trait\u00e9es<\/span><\/label><\/span><\/span><\/span><br \/>\n<input class=\"wpcf7-form-control wpcf7-submit has-spinner\" type=\"submit\" value=\"Envoyer\" \/><\/label>\n<\/p>\n<p style=\"display: none !important;\" class=\"akismet-fields-container\" data-prefix=\"_wpcf7_ak_\"><label>&#916;<textarea name=\"_wpcf7_ak_hp_textarea\" cols=\"45\" rows=\"8\" maxlength=\"100\"><\/textarea><\/label><input type=\"hidden\" id=\"ak_js_1\" name=\"_wpcf7_ak_js\" value=\"126\"\/><script>\ndocument.getElementById( \"ak_js_1\" ).setAttribute( \"value\", ( new Date() ).getTime() );\n<\/script>\n<\/p>\n<div class=\"wpcf7-response-output\" aria-hidden=\"true\"><\/div>\n<\/form>\n<\/div>\n\t\t\t\t\t\t\t\t<\/div>\n\t\t\t\t<\/div>\n\t\t\t\t\t<\/div>\n\t\t\t\t<\/div>\n\t\t\t\t<\/div>\n\t\t","protected":false},"excerpt":{"rendered":"<p>Devenons Partenaires<\/p>","protected":false},"author":1,"featured_media":0,"parent":0,"menu_order":0,"comment_status":"closed","ping_status":"closed","template":"elementor_canvas","meta":{"footnotes":""},"class_list":["post-4872","page","type-page","status-publish","hentry"],"yoast_head":"<!-- This site is optimized with the Yoast SEO plugin v27.4 - https:\/\/yoast.com\/product\/yoast-seo-wordpress\/ -->\n<title>Formulaire de partenariat -<\/title>\n<meta name=\"description\" content=\"Devenez partenaire avec TaxiFix Tunis, votre partenaire de confiance pour assurer la ponctualit\u00e9 et la s\u00e9curit\u00e9 de vos employ\u00e9s.\" \/>\n<meta name=\"robots\" content=\"index, follow, max-snippet:-1, max-image-preview:large, max-video-preview:-1\" \/>\n<link rel=\"canonical\" href=\"https:\/\/www.taxifix.tn\/en\/formulaire-de-partenariat\/\" \/>\n<meta property=\"og:locale\" content=\"en_US\" \/>\n<meta property=\"og:type\" content=\"article\" \/>\n<meta property=\"og:title\" content=\"Formulaire de partenariat -\" \/>\n<meta property=\"og:description\" content=\"Devenez partenaire avec TaxiFix Tunis, votre partenaire de confiance pour assurer la ponctualit\u00e9 et la s\u00e9curit\u00e9 de vos employ\u00e9s.\" \/>\n<meta property=\"og:url\" content=\"https:\/\/www.taxifix.tn\/en\/formulaire-de-partenariat\/\" \/>\n<meta property=\"article:modified_time\" content=\"2024-02-11T21:14:35+00:00\" \/>\n<meta name=\"twitter:card\" content=\"summary_large_image\" \/>\n<meta name=\"twitter:label1\" content=\"Est. reading time\" \/>\n\t<meta name=\"twitter:data1\" content=\"1 minute\" \/>\n<script type=\"application\/ld+json\" class=\"yoast-schema-graph\">{\"@context\":\"https:\\\/\\\/schema.org\",\"@graph\":[{\"@type\":\"WebPage\",\"@id\":\"https:\\\/\\\/www.taxifix.tn\\\/formulaire-de-partenariat\\\/\",\"url\":\"https:\\\/\\\/www.taxifix.tn\\\/formulaire-de-partenariat\\\/\",\"name\":\"Formulaire de partenariat -\",\"isPartOf\":{\"@id\":\"https:\\\/\\\/www.taxifix.tn\\\/#website\"},\"datePublished\":\"2023-12-03T12:30:33+00:00\",\"dateModified\":\"2024-02-11T21:14:35+00:00\",\"description\":\"Devenez partenaire avec TaxiFix Tunis, votre partenaire de confiance pour assurer la ponctualit\u00e9 et la s\u00e9curit\u00e9 de vos employ\u00e9s.\",\"breadcrumb\":{\"@id\":\"https:\\\/\\\/www.taxifix.tn\\\/formulaire-de-partenariat\\\/#breadcrumb\"},\"inLanguage\":\"en-US\",\"potentialAction\":[{\"@type\":\"ReadAction\",\"target\":[\"https:\\\/\\\/www.taxifix.tn\\\/formulaire-de-partenariat\\\/\"]}]},{\"@type\":\"BreadcrumbList\",\"@id\":\"https:\\\/\\\/www.taxifix.tn\\\/formulaire-de-partenariat\\\/#breadcrumb\",\"itemListElement\":[{\"@type\":\"ListItem\",\"position\":1,\"name\":\"Accueil\",\"item\":\"https:\\\/\\\/www.taxifix.tn\\\/\"},{\"@type\":\"ListItem\",\"position\":2,\"name\":\"Formulaire de partenariat\"}]},{\"@type\":\"WebSite\",\"@id\":\"https:\\\/\\\/www.taxifix.tn\\\/#website\",\"url\":\"https:\\\/\\\/www.taxifix.tn\\\/\",\"name\":\"\",\"description\":\"TaxiFix\",\"potentialAction\":[{\"@type\":\"SearchAction\",\"target\":{\"@type\":\"EntryPoint\",\"urlTemplate\":\"https:\\\/\\\/www.taxifix.tn\\\/?s={search_term_string}\"},\"query-input\":{\"@type\":\"PropertyValueSpecification\",\"valueRequired\":true,\"valueName\":\"search_term_string\"}}],\"inLanguage\":\"en-US\"}]}<\/script>\n<!-- \/ Yoast SEO plugin. -->","yoast_head_json":{"title":"Formulaire de partenariat -","description":"Devenez partenaire avec TaxiFix Tunis, votre partenaire de confiance pour assurer la ponctualit\u00e9 et la s\u00e9curit\u00e9 de vos employ\u00e9s.","robots":{"index":"index","follow":"follow","max-snippet":"max-snippet:-1","max-image-preview":"max-image-preview:large","max-video-preview":"max-video-preview:-1"},"canonical":"https:\/\/www.taxifix.tn\/en\/formulaire-de-partenariat\/","og_locale":"en_US","og_type":"article","og_title":"Formulaire de partenariat -","og_description":"Devenez partenaire avec TaxiFix Tunis, votre partenaire de confiance pour assurer la ponctualit\u00e9 et la s\u00e9curit\u00e9 de vos employ\u00e9s.","og_url":"https:\/\/www.taxifix.tn\/en\/formulaire-de-partenariat\/","article_modified_time":"2024-02-11T21:14:35+00:00","twitter_card":"summary_large_image","twitter_misc":{"Est. reading time":"1 minute"},"schema":{"@context":"https:\/\/schema.org","@graph":[{"@type":"WebPage","@id":"https:\/\/www.taxifix.tn\/formulaire-de-partenariat\/","url":"https:\/\/www.taxifix.tn\/formulaire-de-partenariat\/","name":"Formulaire de partenariat -","isPartOf":{"@id":"https:\/\/www.taxifix.tn\/#website"},"datePublished":"2023-12-03T12:30:33+00:00","dateModified":"2024-02-11T21:14:35+00:00","description":"Devenez partenaire avec TaxiFix Tunis, votre partenaire de confiance pour assurer la ponctualit\u00e9 et la s\u00e9curit\u00e9 de vos employ\u00e9s.","breadcrumb":{"@id":"https:\/\/www.taxifix.tn\/formulaire-de-partenariat\/#breadcrumb"},"inLanguage":"en-US","potentialAction":[{"@type":"ReadAction","target":["https:\/\/www.taxifix.tn\/formulaire-de-partenariat\/"]}]},{"@type":"BreadcrumbList","@id":"https:\/\/www.taxifix.tn\/formulaire-de-partenariat\/#breadcrumb","itemListElement":[{"@type":"ListItem","position":1,"name":"Accueil","item":"https:\/\/www.taxifix.tn\/"},{"@type":"ListItem","position":2,"name":"Formulaire de partenariat"}]},{"@type":"WebSite","@id":"https:\/\/www.taxifix.tn\/#website","url":"https:\/\/www.taxifix.tn\/","name":"","description":"TaxiFix","potentialAction":[{"@type":"SearchAction","target":{"@type":"EntryPoint","urlTemplate":"https:\/\/www.taxifix.tn\/?s={search_term_string}"},"query-input":{"@type":"PropertyValueSpecification","valueRequired":true,"valueName":"search_term_string"}}],"inLanguage":"en-US"}]}},"_links":{"self":[{"href":"https:\/\/www.taxifix.tn\/en\/wp-json\/wp\/v2\/pages\/4872","targetHints":{"allow":["GET"]}}],"collection":[{"href":"https:\/\/www.taxifix.tn\/en\/wp-json\/wp\/v2\/pages"}],"about":[{"href":"https:\/\/www.taxifix.tn\/en\/wp-json\/wp\/v2\/types\/page"}],"author":[{"embeddable":true,"href":"https:\/\/www.taxifix.tn\/en\/wp-json\/wp\/v2\/users\/1"}],"replies":[{"embeddable":true,"href":"https:\/\/www.taxifix.tn\/en\/wp-json\/wp\/v2\/comments?post=4872"}],"version-history":[{"count":1,"href":"https:\/\/www.taxifix.tn\/en\/wp-json\/wp\/v2\/pages\/4872\/revisions"}],"predecessor-version":[{"id":8499,"href":"https:\/\/www.taxifix.tn\/en\/wp-json\/wp\/v2\/pages\/4872\/revisions\/8499"}],"wp:attachment":[{"href":"https:\/\/www.taxifix.tn\/en\/wp-json\/wp\/v2\/media?parent=4872"}],"curies":[{"name":"wp","href":"https:\/\/api.w.org\/{rel}","templated":true}]}}